{"id":1091,"date":"2022-02-18T09:50:53","date_gmt":"2022-02-18T09:50:53","guid":{"rendered":"https:\/\/www.esta-visa-us.eu\/?page_id=1091"},"modified":"2024-07-22T06:58:03","modified_gmt":"2024-07-22T06:58:03","slug":"meist%c3%a4","status":"publish","type":"page","link":"https:\/\/www.esta-visa-us.eu\/fi\/meist%c3%a4\/","title":{"rendered":"Meist\u00e4"},"content":{"rendered":"<h2>Tietoja EVUS Services LTD:st\u00e4<\/h2>\n<p>Olemme viisumihakemusten k\u00e4sittelyss\u00e4 ja jatkok\u00e4sittelyss\u00e4 avustava yritys. Olemme ylpeit\u00e4 voidessamme tarjota hakijoille parempaa palvelua ja kokemusta kuin mit\u00e4 he saavat suurl\u00e4hetyst\u00f6ist\u00e4. Pyrimme tarjoamaan korkeimman tason asiakastyytyv\u00e4isyyden, ja meist\u00e4 on tullut luotettava kolmannen osapuolen palveluntarjoaja.<\/p>\n<p>Teemme hakuprosessista nopean, helpon ja turvallisen. Toimimme t\u00e4ysin standardimaksukorttiteollisuuden kansainv\u00e4listen s\u00e4\u00e4nt\u00f6jen mukaisesti &#8211; Data Security Standard (PCI-DSS &#8211; tietoturvastandardi), jonka johtavat luottokorttiyhti\u00f6t ovat hyv\u00e4ksyneet asiakkaiden henkil\u00f6tietojen suojaamiseksi.<\/p>\n<p>EVUS Services LTD on kehittynyt yhdeksi maailman johtavista online-viisumipalveluntarjoajista ja ymm\u00e4rt\u00e4\u00e4 viisuminhakuprosessiin liittyv\u00e4n h\u00e4mmennyksen, turhautumisen ja ajankulutuksen, ja tarjoamme nopeaa, yst\u00e4v\u00e4llist\u00e4 ja asiantuntevaa viisumineuvontaa ja -apua.<\/p>\n","protected":false},"excerpt":{"rendered":"<p>Tietoja EVUS Services LTD:st\u00e4 Olemme viisumihakemusten k\u00e4sittelyss\u00e4 ja jatkok\u00e4sittelyss\u00e4 avustava yritys. Olemme ylpeit\u00e4 voidessamme tarjota hakijoille parempaa palvelua ja kokemusta kuin mit\u00e4 he saavat suurl\u00e4hetyst\u00f6ist\u00e4. Pyrimme tarjoamaan korkeimman tason asiakastyytyv\u00e4isyyden, ja meist\u00e4 on tullut luotettava kolmannen osapuolen palveluntarjoaja. Teemme hakuprosessista nopean, helpon ja turvallisen. Toimimme t\u00e4ysin standardimaksukorttiteollisuuden kansainv\u00e4listen s\u00e4\u00e4nt\u00f6jen mukaisesti &#8211; Data Security Standard (PCI-DSS [&hellip;]<\/p>\n","protected":false},"author":1,"featured_media":0,"parent":0,"menu_order":0,"comment_status":"closed","ping_status":"closed","template":"","meta":{"inline_featured_image":false},"featured_image_urls":{"full":"","thumbnail":"","medium":"","medium_large":"","large":"","1536x1536":"","2048x2048":"","woocommerce_thumbnail":"","woocommerce_single":"","woocommerce_gallery_thumbnail":"","shop_catalog":"","shop_single":"","shop_thumbnail":""},"post_excerpt_stackable":"<p>Tietoja EVUS Services LTD:st\u00e4 Olemme viisumihakemusten k\u00e4sittelyss\u00e4 ja jatkok\u00e4sittelyss\u00e4 avustava yritys. Olemme ylpeit\u00e4 voidessamme tarjota hakijoille parempaa palvelua ja kokemusta kuin mit\u00e4 he saavat suurl\u00e4hetyst\u00f6ist\u00e4. Pyrimme tarjoamaan korkeimman tason asiakastyytyv\u00e4isyyden, ja meist\u00e4 on tullut luotettava kolmannen osapuolen palveluntarjoaja. Teemme hakuprosessista nopean, helpon ja turvallisen. Toimimme t\u00e4ysin standardimaksukorttiteollisuuden kansainv\u00e4listen s\u00e4\u00e4nt\u00f6jen mukaisesti &#8211; Data Security Standard (PCI-DSS &#8211; tietoturvastandardi), jonka johtavat luottokorttiyhti\u00f6t ovat hyv\u00e4ksyneet asiakkaiden henkil\u00f6tietojen suojaamiseksi. EVUS Services LTD on kehittynyt yhdeksi maailman johtavista online-viisumipalveluntarjoajista ja ymm\u00e4rt\u00e4\u00e4 viisuminhakuprosessiin liittyv\u00e4n h\u00e4mmennyksen, turhautumisen ja ajankulutuksen, ja tarjoamme nopeaa, yst\u00e4v\u00e4llist\u00e4 ja asiantuntevaa viisumineuvontaa ja -apua.<\/p>\n","category_list":"","author_info":{"name":"admin","url":"https:\/\/www.esta-visa-us.eu\/fi\/author\/admin\/"},"comments_num":"0 comments","featured_image_urls_v2":{"full":"","thumbnail":"","medium":"","medium_large":"","large":"","1536x1536":"","2048x2048":"","woocommerce_thumbnail":"","woocommerce_single":"","woocommerce_gallery_thumbnail":"","shop_catalog":"","shop_single":"","shop_thumbnail":""},"post_excerpt_stackable_v2":"<p>Tietoja EVUS Services LTD:st\u00e4 Olemme viisumihakemusten k\u00e4sittelyss\u00e4 ja jatkok\u00e4sittelyss\u00e4 avustava yritys. Olemme ylpeit\u00e4 voidessamme tarjota hakijoille parempaa palvelua ja kokemusta kuin mit\u00e4 he saavat suurl\u00e4hetyst\u00f6ist\u00e4. Pyrimme tarjoamaan korkeimman tason asiakastyytyv\u00e4isyyden, ja meist\u00e4 on tullut luotettava kolmannen osapuolen palveluntarjoaja. Teemme hakuprosessista nopean, helpon ja turvallisen. Toimimme t\u00e4ysin standardimaksukorttiteollisuuden kansainv\u00e4listen s\u00e4\u00e4nt\u00f6jen mukaisesti &#8211; Data Security Standard (PCI-DSS &#8211; tietoturvastandardi), jonka johtavat luottokorttiyhti\u00f6t ovat hyv\u00e4ksyneet asiakkaiden henkil\u00f6tietojen suojaamiseksi. EVUS Services LTD on kehittynyt yhdeksi maailman johtavista online-viisumipalveluntarjoajista ja ymm\u00e4rt\u00e4\u00e4 viisuminhakuprosessiin liittyv\u00e4n h\u00e4mmennyksen, turhautumisen ja ajankulutuksen, ja tarjoamme nopeaa, yst\u00e4v\u00e4llist\u00e4 ja asiantuntevaa viisumineuvontaa ja -apua.<\/p>\n","category_list_v2":"","author_info_v2":{"name":"admin","url":"https:\/\/www.esta-visa-us.eu\/fi\/author\/admin\/"},"comments_num_v2":"0 comments","yoast_head":"<!-- This site is optimized with the Yoast SEO plugin v18.1 - https:\/\/yoast.com\/wordpress\/plugins\/seo\/ -->\n<title>Meist\u00e4 - ESTA Visum USA - Officiel Esta Visum til USA Online | U.S. Gr\u00e6nsekontrol<\/title>\n<meta name=\"robots\" content=\"index, follow, max-snippet:-1, max-image-preview:large, max-video-preview:-1\" \/>\n<link rel=\"canonical\" href=\"https:\/\/www.esta-visa-us.eu\/fi\/meist\u00e4\/\" \/>\n<meta property=\"og:locale\" content=\"fi_FI\" \/>\n<meta property=\"og:type\" content=\"article\" \/>\n<meta property=\"og:title\" content=\"Meist\u00e4 - ESTA Visum USA - Officiel Esta Visum til USA Online | U.S. Gr\u00e6nsekontrol\" \/>\n<meta property=\"og:description\" content=\"Tietoja EVUS Services LTD:st\u00e4 Olemme viisumihakemusten k\u00e4sittelyss\u00e4 ja jatkok\u00e4sittelyss\u00e4 avustava yritys. Olemme ylpeit\u00e4 voidessamme tarjota hakijoille parempaa palvelua ja kokemusta kuin mit\u00e4 he saavat suurl\u00e4hetyst\u00f6ist\u00e4. Pyrimme tarjoamaan korkeimman tason asiakastyytyv\u00e4isyyden, ja meist\u00e4 on tullut luotettava kolmannen osapuolen palveluntarjoaja. Teemme hakuprosessista nopean, helpon ja turvallisen. Toimimme t\u00e4ysin standardimaksukorttiteollisuuden kansainv\u00e4listen s\u00e4\u00e4nt\u00f6jen mukaisesti &#8211; Data Security Standard (PCI-DSS [&hellip;]\" \/>\n<meta property=\"og:url\" content=\"https:\/\/www.esta-visa-us.eu\/fi\/meist\u00e4\/\" \/>\n<meta property=\"og:site_name\" content=\"ESTA Visum USA - Officiel Esta Visum til USA Online | U.S. Gr\u00e6nsekontrol\" \/>\n<meta property=\"article:modified_time\" content=\"2024-07-22T06:58:03+00:00\" \/>\n<meta name=\"twitter:card\" content=\"summary_large_image\" \/>\n<meta name=\"twitter:label1\" content=\"Arvioitu lukuaika\" \/>\n\t<meta name=\"twitter:data1\" content=\"1 minuutti\" \/>\n<script type=\"application\/ld+json\" class=\"yoast-schema-graph\">{\"@context\":\"https:\/\/schema.org\",\"@graph\":[{\"@type\":\"WebSite\",\"@id\":\"https:\/\/www.esta-visa-us.eu\/#website\",\"url\":\"https:\/\/www.esta-visa-us.eu\/\",\"name\":\"ESTA Visum USA - Officiel Esta Visum til USA Online | U.S. Gr\u00e6nsekontrol\",\"description\":\"Det elektroniske rejsetilladelsessystem\",\"potentialAction\":[{\"@type\":\"SearchAction\",\"target\":{\"@type\":\"EntryPoint\",\"urlTemplate\":\"https:\/\/www.esta-visa-us.eu\/?s={search_term_string}\"},\"query-input\":\"required name=search_term_string\"}],\"inLanguage\":\"fi\"},{\"@type\":\"WebPage\",\"@id\":\"https:\/\/www.esta-visa-us.eu\/fi\/meist%c3%a4\/#webpage\",\"url\":\"https:\/\/www.esta-visa-us.eu\/fi\/meist%c3%a4\/\",\"name\":\"Meist\u00e4 - ESTA Visum USA - Officiel Esta Visum til USA Online | U.S. Gr\u00e6nsekontrol\",\"isPartOf\":{\"@id\":\"https:\/\/www.esta-visa-us.eu\/#website\"},\"datePublished\":\"2022-02-18T09:50:53+00:00\",\"dateModified\":\"2024-07-22T06:58:03+00:00\",\"breadcrumb\":{\"@id\":\"https:\/\/www.esta-visa-us.eu\/fi\/meist%c3%a4\/#breadcrumb\"},\"inLanguage\":\"fi\",\"potentialAction\":[{\"@type\":\"ReadAction\",\"target\":[\"https:\/\/www.esta-visa-us.eu\/fi\/meist%c3%a4\/\"]}]},{\"@type\":\"BreadcrumbList\",\"@id\":\"https:\/\/www.esta-visa-us.eu\/fi\/meist%c3%a4\/#breadcrumb\",\"itemListElement\":[{\"@type\":\"ListItem\",\"position\":1,\"name\":\"Home\",\"item\":\"https:\/\/www.esta-visa-us.eu\/fi\/\"},{\"@type\":\"ListItem\",\"position\":2,\"name\":\"Meist\u00e4\"}]}]}<\/script>\n<!-- \/ Yoast SEO plugin. -->","yoast_head_json":{"title":"Meist\u00e4 - ESTA Visum USA - Officiel Esta Visum til USA Online | U.S. Gr\u00e6nsekontrol","robots":{"index":"index","follow":"follow","max-snippet":"max-snippet:-1","max-image-preview":"max-image-preview:large","max-video-preview":"max-video-preview:-1"},"canonical":"https:\/\/www.esta-visa-us.eu\/fi\/meist\u00e4\/","og_locale":"fi_FI","og_type":"article","og_title":"Meist\u00e4 - ESTA Visum USA - Officiel Esta Visum til USA Online | U.S. Gr\u00e6nsekontrol","og_description":"Tietoja EVUS Services LTD:st\u00e4 Olemme viisumihakemusten k\u00e4sittelyss\u00e4 ja jatkok\u00e4sittelyss\u00e4 avustava yritys. Olemme ylpeit\u00e4 voidessamme tarjota hakijoille parempaa palvelua ja kokemusta kuin mit\u00e4 he saavat suurl\u00e4hetyst\u00f6ist\u00e4. Pyrimme tarjoamaan korkeimman tason asiakastyytyv\u00e4isyyden, ja meist\u00e4 on tullut luotettava kolmannen osapuolen palveluntarjoaja. Teemme hakuprosessista nopean, helpon ja turvallisen. Toimimme t\u00e4ysin standardimaksukorttiteollisuuden kansainv\u00e4listen s\u00e4\u00e4nt\u00f6jen mukaisesti &#8211; Data Security Standard (PCI-DSS [&hellip;]","og_url":"https:\/\/www.esta-visa-us.eu\/fi\/meist\u00e4\/","og_site_name":"ESTA Visum USA - Officiel Esta Visum til USA Online | U.S. Gr\u00e6nsekontrol","article_modified_time":"2024-07-22T06:58:03+00:00","twitter_card":"summary_large_image","twitter_misc":{"Arvioitu lukuaika":"1 minuutti"},"schema":{"@context":"https:\/\/schema.org","@graph":[{"@type":"WebSite","@id":"https:\/\/www.esta-visa-us.eu\/#website","url":"https:\/\/www.esta-visa-us.eu\/","name":"ESTA Visum USA - Officiel Esta Visum til USA Online | U.S. Gr\u00e6nsekontrol","description":"Det elektroniske rejsetilladelsessystem","potentialAction":[{"@type":"SearchAction","target":{"@type":"EntryPoint","urlTemplate":"https:\/\/www.esta-visa-us.eu\/?s={search_term_string}"},"query-input":"required name=search_term_string"}],"inLanguage":"fi"},{"@type":"WebPage","@id":"https:\/\/www.esta-visa-us.eu\/fi\/meist%c3%a4\/#webpage","url":"https:\/\/www.esta-visa-us.eu\/fi\/meist%c3%a4\/","name":"Meist\u00e4 - ESTA Visum USA - Officiel Esta Visum til USA Online | U.S. Gr\u00e6nsekontrol","isPartOf":{"@id":"https:\/\/www.esta-visa-us.eu\/#website"},"datePublished":"2022-02-18T09:50:53+00:00","dateModified":"2024-07-22T06:58:03+00:00","breadcrumb":{"@id":"https:\/\/www.esta-visa-us.eu\/fi\/meist%c3%a4\/#breadcrumb"},"inLanguage":"fi","potentialAction":[{"@type":"ReadAction","target":["https:\/\/www.esta-visa-us.eu\/fi\/meist%c3%a4\/"]}]},{"@type":"BreadcrumbList","@id":"https:\/\/www.esta-visa-us.eu\/fi\/meist%c3%a4\/#breadcrumb","itemListElement":[{"@type":"ListItem","position":1,"name":"Home","item":"https:\/\/www.esta-visa-us.eu\/fi\/"},{"@type":"ListItem","position":2,"name":"Meist\u00e4"}]}]}},"_links":{"self":[{"href":"https:\/\/www.esta-visa-us.eu\/fi\/wp-json\/wp\/v2\/pages\/1091"}],"collection":[{"href":"https:\/\/www.esta-visa-us.eu\/fi\/wp-json\/wp\/v2\/pages"}],"about":[{"href":"https:\/\/www.esta-visa-us.eu\/fi\/wp-json\/wp\/v2\/types\/page"}],"author":[{"embeddable":true,"href":"https:\/\/www.esta-visa-us.eu\/fi\/wp-json\/wp\/v2\/users\/1"}],"replies":[{"embeddable":true,"href":"https:\/\/www.esta-visa-us.eu\/fi\/wp-json\/wp\/v2\/comments?post=1091"}],"version-history":[{"count":3,"href":"https:\/\/www.esta-visa-us.eu\/fi\/wp-json\/wp\/v2\/pages\/1091\/revisions"}],"predecessor-version":[{"id":1254,"href":"https:\/\/www.esta-visa-us.eu\/fi\/wp-json\/wp\/v2\/pages\/1091\/revisions\/1254"}],"wp:attachment":[{"href":"https:\/\/www.esta-visa-us.eu\/fi\/wp-json\/wp\/v2\/media?parent=1091"}],"curies":[{"name":"wp","href":"https:\/\/api.w.org\/{rel}","templated":true}]}}