{"id":1098,"date":"2022-02-18T09:55:04","date_gmt":"2022-02-18T09:55:04","guid":{"rendered":"https:\/\/www.esta-visa-us.eu\/?page_id=1098"},"modified":"2022-02-18T09:55:49","modified_gmt":"2022-02-18T09:55:49","slug":"toimitusk%c3%a4yt%c3%a4nt%c3%b6","status":"publish","type":"page","link":"https:\/\/www.esta-visa-us.eu\/fi\/toimitusk%c3%a4yt%c3%a4nt%c3%b6\/","title":{"rendered":"Toimitusk\u00e4yt\u00e4nt\u00f6"},"content":{"rendered":"<h2>Toimitusk\u00e4yt\u00e4nt\u00f6<\/h2>\n<p>Toimitusk\u00e4yt\u00e4nt\u00f6mme on kuvattu selitt\u00e4\u00e4ksemme sinulle, asiakkaallemme, kuinka viimeistelemme verkkosivustollamme tarjotun hakemuksen k\u00e4sittelyn.<\/p>\n<p>1 &#8211; Esta-visa-us.eu on yksityinen, kolmannen osapuolen virasto, joka k\u00e4sittelee ESTA-hakemuksia, eik\u00e4 se ole mill\u00e4\u00e4n tavalla sidoksissa Yhdysvaltain hallitukseen.<\/p>\n<p>2 &#8211; Palvelumme:<\/p>\n<ul>\n<li>ESTA-viisumivapaushakemukseen liittyvien tietojen sy\u00f6tt\u00e4minen ja k\u00e4sittely.<\/li>\n<li>Hakemuksen k\u00e4sittely ja tilap\u00e4ivitys samana p\u00e4iv\u00e4n\u00e4.<\/li>\n<li>Katkarapuluvan vahvistus s\u00e4hk\u00f6postitse.<\/li>\n<li>Hakemuksen ja tilatarkastuksen tietojen p\u00e4ivitys 2 vuoden ajan ESTA-luvan vastaanottamisesta<\/li>\n<li>ESTAn asiakastuki s\u00e4hk\u00f6postitse ja puhelimitse ymp\u00e4ri vuorokauden.<\/li>\n<\/ul>\n<p>3 &#8211; Esta-visa-us.eu ei takaa, ett\u00e4 hakemukset hyv\u00e4ksyt\u00e4\u00e4n. K\u00e4sittelemme vain asiakkaan sovelluksessa olevia tietoja ja integroimme ne ESTA-CBP-j\u00e4rjestelm\u00e4\u00e4n.<\/p>\n<p>4 &#8211; Asiakas vastaa siit\u00e4, ett\u00e4 hakemuksessa on oikeat ja oikeat tiedot. Esta-visa-us.eu ei vastaa asiakkaan antamien virheellisten tai virheellisten tietojen vuoksi hyl\u00e4tyist\u00e4 hakemuksista.<\/p>\n<p>5 &#8211; Kun hakemustiedot on vastaanotettu, Esta-visa-us.eu:lla on 24 tuntia aikaa k\u00e4sitell\u00e4 hakemus ja toimittaa asiakkaalle tilap\u00e4ivitys. Palveluvaatimusta ei hyv\u00e4ksyt\u00e4 toimittamattomista matkustuslupavahvistuksella varustetuista asiakirjoista 24 tunnin kuluessa siit\u00e4, kun asiakas on toimittanut tiedot. Asiakkaalla on oikeus palveluun, jos h\u00e4n ei ole saanut vahvistusasiakirjaa tai tilap\u00e4ivityst\u00e4 24 tunnin kuluessa.<\/p>\n<p>6 &#8211; CBP voi lyk\u00e4t\u00e4 hakemuksia useista syist\u00e4. T\u00e4llaisissa tapauksissa asiakaspalvelun edustaja ottaa yhteytt\u00e4 asiakkaaseen mahdollisen ratkaisun sovittamiseksi. Sama p\u00e4tee, jos hakemus hyl\u00e4t\u00e4\u00e4n.<\/p>\n<p>7 &#8211; T\u00e4ss\u00e4 yhteydess\u00e4 tarjottavat palvelut liittyv\u00e4t ESTA-hakemusten j\u00e4tt\u00e4miseen. Hakemusten k\u00e4sittelykustannukset sis\u00e4lt\u00e4v\u00e4t kaikki palvelumaksut (jopa $ 81, riippuen hakijan asunnosta). Emme ole sidoksissa Yhdysvaltain hallitukseen tai suurl\u00e4hetyst\u00f6\u00f6n. K\u00e4sittelymaksu sis\u00e4lt\u00e4\u00e4 14 dollaria, jonka Yhdysvaltain viranomaiset veloittavat ESTA-luvan my\u00f6nt\u00e4misest\u00e4. Voit hakea suoraan osoitteessa https:\/\/esta.cbp.dhs.gov\/esta\/. Ostamalla palvelumme asiakas sitoutuu maksamaan tietojen k\u00e4sittelyst\u00e4 ja avustamisesta palvelumaksun, joka sis\u00e4lt\u00e4\u00e4 14 USD:n maksun, jonka Esta-visa-us.eu maksaa h\u00e4nen puolestaan \u200b\u200btullille ja rajavalvonnalle sek\u00e4 Yhdysvaltain hallitukselle. ESTA-j\u00e4rjestelm\u00e4maksuja varten.<\/p>\n<p>8 &#8211; Asiakas my\u00f6s nimenomaisesti valtuuttaa Esta-visa-us.eu k\u00e4sittelem\u00e4\u00e4n h\u00e4nen hakemustietojaan ja hakemaan h\u00e4nen puolestaan \u200b\u200bCPB-ESTA-j\u00e4rjestelm\u00e4\u00e4n tietosuojak\u00e4yt\u00e4nt\u00f6mme ja CBP:n tietosuojaselosteen mukaisesti osoitteessa https:\/ \/esta.cbp.dhs.gov\/esta\/html\/privacy.htm<\/p>\n<p>9 &#8211; Asiakas vahvistaa, ett\u00e4 h\u00e4nell\u00e4 on oikeus ja laillinen lupa maksaa ilmoitetulla luotto- tai pankkikortilla. Esta-visa-us.eu v\u00e4hent\u00e4\u00e4 ilmoitetusta luottokortista kokonaismaksun, eik\u00e4 se ole vastuussa asiakkaan antamien luottotietojen laittomasta k\u00e4yt\u00f6st\u00e4.<\/p>\n<p>Kun saman p\u00e4iv\u00e4n hoitopalvelumme, joka sis\u00e4lt\u00e4\u00e4 viikonloput ja juhlapyh\u00e4t, on suoritettu, toimitamme tuotteen sinulle yksinomaan s\u00e4hk\u00f6postitse.<\/p>\n<p>Suosittelemme, ett\u00e4 lis\u00e4\u00e4t s\u00e4hk\u00f6postiosoitteesi info@esta-visum-usa.dk sallittujen listallesi varmistaaksesi, ettei s\u00e4hk\u00f6postimme hyl\u00e4t\u00e4 ruuhkaisen postilaatikon vuoksi.<\/p>\n<p>PDF-tiedostoja voi lukea Adobe Readerilla, jonka voi ladata ilmaiseksi.<\/p>\n<p>Jos sinulla on kysytt\u00e4v\u00e4\u00e4 toimitusk\u00e4yt\u00e4nn\u00f6st\u00e4mme, voit ottaa meihin yhteytt\u00e4 s\u00e4hk\u00f6postitse <a href=\"mailto:info@esta-visum-usa.dk\" target=\"_blank\" rel=\"noopener\">info@esta -visum-usa.dk<\/a>. Vastaamme 24 tunnin kuluessa.<\/p>\n<p>K\u00e4sittelypalvelumme katsotaan toimitetuksi sinulle, kun se toimitetaan s\u00e4hk\u00f6postitse. Suosittelemme, ett\u00e4 teet paperikopion matkustusluvasta, koska jotkut lentoyhti\u00f6t haluavat n\u00e4hd\u00e4 kopion siit\u00e4 l\u00e4ht\u00f6selvityksess\u00e4.<\/p>\n","protected":false},"excerpt":{"rendered":"<p>Toimitusk\u00e4yt\u00e4nt\u00f6 Toimitusk\u00e4yt\u00e4nt\u00f6mme on kuvattu selitt\u00e4\u00e4ksemme sinulle, asiakkaallemme, kuinka viimeistelemme verkkosivustollamme tarjotun hakemuksen k\u00e4sittelyn. 1 &#8211; Esta-visa-us.eu on yksityinen, kolmannen osapuolen virasto, joka k\u00e4sittelee ESTA-hakemuksia, eik\u00e4 se ole mill\u00e4\u00e4n tavalla sidoksissa Yhdysvaltain hallitukseen. 2 &#8211; Palvelumme: ESTA-viisumivapaushakemukseen liittyvien tietojen sy\u00f6tt\u00e4minen ja k\u00e4sittely. Hakemuksen k\u00e4sittely ja tilap\u00e4ivitys samana p\u00e4iv\u00e4n\u00e4. Katkarapuluvan vahvistus s\u00e4hk\u00f6postitse. Hakemuksen ja tilatarkastuksen tietojen p\u00e4ivitys [&hellip;]<\/p>\n","protected":false},"author":1,"featured_media":0,"parent":0,"menu_order":0,"comment_status":"closed","ping_status":"closed","template":"","meta":{"inline_featured_image":false},"featured_image_urls":{"full":"","thumbnail":"","medium":"","medium_large":"","large":"","1536x1536":"","2048x2048":"","woocommerce_thumbnail":"","woocommerce_single":"","woocommerce_gallery_thumbnail":"","shop_catalog":"","shop_single":"","shop_thumbnail":""},"post_excerpt_stackable":"<p>Toimitusk\u00e4yt\u00e4nt\u00f6 Toimitusk\u00e4yt\u00e4nt\u00f6mme on kuvattu selitt\u00e4\u00e4ksemme sinulle, asiakkaallemme, kuinka viimeistelemme verkkosivustollamme tarjotun hakemuksen k\u00e4sittelyn. 1 &#8211; Esta-visa-us.eu on yksityinen, kolmannen osapuolen virasto, joka k\u00e4sittelee ESTA-hakemuksia, eik\u00e4 se ole mill\u00e4\u00e4n tavalla sidoksissa Yhdysvaltain hallitukseen. 2 &#8211; Palvelumme: ESTA-viisumivapaushakemukseen liittyvien tietojen sy\u00f6tt\u00e4minen ja k\u00e4sittely. Hakemuksen k\u00e4sittely ja tilap\u00e4ivitys samana p\u00e4iv\u00e4n\u00e4. Katkarapuluvan vahvistus s\u00e4hk\u00f6postitse. Hakemuksen ja tilatarkastuksen tietojen p\u00e4ivitys 2 vuoden ajan ESTA-luvan vastaanottamisesta ESTAn asiakastuki s\u00e4hk\u00f6postitse ja puhelimitse ymp\u00e4ri vuorokauden. 3 &#8211; Esta-visa-us.eu ei takaa, ett\u00e4 hakemukset hyv\u00e4ksyt\u00e4\u00e4n. K\u00e4sittelemme vain asiakkaan sovelluksessa olevia tietoja ja integroimme ne ESTA-CBP-j\u00e4rjestelm\u00e4\u00e4n. 4 &#8211; Asiakas vastaa siit\u00e4, ett\u00e4 hakemuksessa on oikeat ja oikeat tiedot. Esta-visa-us.eu ei vastaa&hellip;<\/p>\n","category_list":"","author_info":{"name":"admin","url":"https:\/\/www.esta-visa-us.eu\/fi\/author\/admin\/"},"comments_num":"0 comments","featured_image_urls_v2":{"full":"","thumbnail":"","medium":"","medium_large":"","large":"","1536x1536":"","2048x2048":"","woocommerce_thumbnail":"","woocommerce_single":"","woocommerce_gallery_thumbnail":"","shop_catalog":"","shop_single":"","shop_thumbnail":""},"post_excerpt_stackable_v2":"<p>Toimitusk\u00e4yt\u00e4nt\u00f6 Toimitusk\u00e4yt\u00e4nt\u00f6mme on kuvattu selitt\u00e4\u00e4ksemme sinulle, asiakkaallemme, kuinka viimeistelemme verkkosivustollamme tarjotun hakemuksen k\u00e4sittelyn. 1 &#8211; Esta-visa-us.eu on yksityinen, kolmannen osapuolen virasto, joka k\u00e4sittelee ESTA-hakemuksia, eik\u00e4 se ole mill\u00e4\u00e4n tavalla sidoksissa Yhdysvaltain hallitukseen. 2 &#8211; Palvelumme: ESTA-viisumivapaushakemukseen liittyvien tietojen sy\u00f6tt\u00e4minen ja k\u00e4sittely. Hakemuksen k\u00e4sittely ja tilap\u00e4ivitys samana p\u00e4iv\u00e4n\u00e4. Katkarapuluvan vahvistus s\u00e4hk\u00f6postitse. Hakemuksen ja tilatarkastuksen tietojen p\u00e4ivitys 2 vuoden ajan ESTA-luvan vastaanottamisesta ESTAn asiakastuki s\u00e4hk\u00f6postitse ja puhelimitse ymp\u00e4ri vuorokauden. 3 &#8211; Esta-visa-us.eu ei takaa, ett\u00e4 hakemukset hyv\u00e4ksyt\u00e4\u00e4n. K\u00e4sittelemme vain asiakkaan sovelluksessa olevia tietoja ja integroimme ne ESTA-CBP-j\u00e4rjestelm\u00e4\u00e4n. 4 &#8211; Asiakas vastaa siit\u00e4, ett\u00e4 hakemuksessa on oikeat ja oikeat tiedot. Esta-visa-us.eu ei vastaa&hellip;<\/p>\n","category_list_v2":"","author_info_v2":{"name":"admin","url":"https:\/\/www.esta-visa-us.eu\/fi\/author\/admin\/"},"comments_num_v2":"0 comments","yoast_head":"<!-- This site is optimized with the Yoast SEO plugin v18.1 - https:\/\/yoast.com\/wordpress\/plugins\/seo\/ -->\n<title>Toimitusk\u00e4yt\u00e4nt\u00f6 - ESTA Visum USA - Officiel Esta Visum til USA Online | U.S. Gr\u00e6nsekontrol<\/title>\n<meta name=\"robots\" content=\"index, follow, max-snippet:-1, max-image-preview:large, max-video-preview:-1\" \/>\n<link rel=\"canonical\" href=\"https:\/\/www.esta-visa-us.eu\/fi\/toimitusk\u00e4yt\u00e4nt\u00f6\/\" \/>\n<meta property=\"og:locale\" content=\"fi_FI\" \/>\n<meta property=\"og:type\" content=\"article\" \/>\n<meta property=\"og:title\" content=\"Toimitusk\u00e4yt\u00e4nt\u00f6 - ESTA Visum USA - Officiel Esta Visum til USA Online | U.S. Gr\u00e6nsekontrol\" \/>\n<meta property=\"og:description\" content=\"Toimitusk\u00e4yt\u00e4nt\u00f6 Toimitusk\u00e4yt\u00e4nt\u00f6mme on kuvattu selitt\u00e4\u00e4ksemme sinulle, asiakkaallemme, kuinka viimeistelemme verkkosivustollamme tarjotun hakemuksen k\u00e4sittelyn. 1 &#8211; Esta-visa-us.eu on yksityinen, kolmannen osapuolen virasto, joka k\u00e4sittelee ESTA-hakemuksia, eik\u00e4 se ole mill\u00e4\u00e4n tavalla sidoksissa Yhdysvaltain hallitukseen. 2 &#8211; Palvelumme: ESTA-viisumivapaushakemukseen liittyvien tietojen sy\u00f6tt\u00e4minen ja k\u00e4sittely. Hakemuksen k\u00e4sittely ja tilap\u00e4ivitys samana p\u00e4iv\u00e4n\u00e4. Katkarapuluvan vahvistus s\u00e4hk\u00f6postitse. Hakemuksen ja tilatarkastuksen tietojen p\u00e4ivitys [&hellip;]\" \/>\n<meta property=\"og:url\" content=\"https:\/\/www.esta-visa-us.eu\/fi\/toimitusk\u00e4yt\u00e4nt\u00f6\/\" \/>\n<meta property=\"og:site_name\" content=\"ESTA Visum USA - Officiel Esta Visum til USA Online | U.S. Gr\u00e6nsekontrol\" \/>\n<meta property=\"article:modified_time\" content=\"2022-02-18T09:55:49+00:00\" \/>\n<meta name=\"twitter:card\" content=\"summary_large_image\" \/>\n<meta name=\"twitter:label1\" content=\"Arvioitu lukuaika\" \/>\n\t<meta name=\"twitter:data1\" content=\"2 minuuttia\" \/>\n<script type=\"application\/ld+json\" class=\"yoast-schema-graph\">{\"@context\":\"https:\/\/schema.org\",\"@graph\":[{\"@type\":\"WebSite\",\"@id\":\"https:\/\/www.esta-visa-us.eu\/#website\",\"url\":\"https:\/\/www.esta-visa-us.eu\/\",\"name\":\"ESTA Visum USA - Officiel Esta Visum til USA Online | U.S. Gr\u00e6nsekontrol\",\"description\":\"Det elektroniske rejsetilladelsessystem\",\"potentialAction\":[{\"@type\":\"SearchAction\",\"target\":{\"@type\":\"EntryPoint\",\"urlTemplate\":\"https:\/\/www.esta-visa-us.eu\/?s={search_term_string}\"},\"query-input\":\"required name=search_term_string\"}],\"inLanguage\":\"fi\"},{\"@type\":\"WebPage\",\"@id\":\"https:\/\/www.esta-visa-us.eu\/fi\/toimitusk%c3%a4yt%c3%a4nt%c3%b6\/#webpage\",\"url\":\"https:\/\/www.esta-visa-us.eu\/fi\/toimitusk%c3%a4yt%c3%a4nt%c3%b6\/\",\"name\":\"Toimitusk\u00e4yt\u00e4nt\u00f6 - ESTA Visum USA - Officiel Esta Visum til USA Online | U.S. Gr\u00e6nsekontrol\",\"isPartOf\":{\"@id\":\"https:\/\/www.esta-visa-us.eu\/#website\"},\"datePublished\":\"2022-02-18T09:55:04+00:00\",\"dateModified\":\"2022-02-18T09:55:49+00:00\",\"breadcrumb\":{\"@id\":\"https:\/\/www.esta-visa-us.eu\/fi\/toimitusk%c3%a4yt%c3%a4nt%c3%b6\/#breadcrumb\"},\"inLanguage\":\"fi\",\"potentialAction\":[{\"@type\":\"ReadAction\",\"target\":[\"https:\/\/www.esta-visa-us.eu\/fi\/toimitusk%c3%a4yt%c3%a4nt%c3%b6\/\"]}]},{\"@type\":\"BreadcrumbList\",\"@id\":\"https:\/\/www.esta-visa-us.eu\/fi\/toimitusk%c3%a4yt%c3%a4nt%c3%b6\/#breadcrumb\",\"itemListElement\":[{\"@type\":\"ListItem\",\"position\":1,\"name\":\"Home\",\"item\":\"https:\/\/www.esta-visa-us.eu\/fi\/\"},{\"@type\":\"ListItem\",\"position\":2,\"name\":\"Toimitusk\u00e4yt\u00e4nt\u00f6\"}]}]}<\/script>\n<!-- \/ Yoast SEO plugin. -->","yoast_head_json":{"title":"Toimitusk\u00e4yt\u00e4nt\u00f6 - ESTA Visum USA - Officiel Esta Visum til USA Online | U.S. Gr\u00e6nsekontrol","robots":{"index":"index","follow":"follow","max-snippet":"max-snippet:-1","max-image-preview":"max-image-preview:large","max-video-preview":"max-video-preview:-1"},"canonical":"https:\/\/www.esta-visa-us.eu\/fi\/toimitusk\u00e4yt\u00e4nt\u00f6\/","og_locale":"fi_FI","og_type":"article","og_title":"Toimitusk\u00e4yt\u00e4nt\u00f6 - ESTA Visum USA - Officiel Esta Visum til USA Online | U.S. Gr\u00e6nsekontrol","og_description":"Toimitusk\u00e4yt\u00e4nt\u00f6 Toimitusk\u00e4yt\u00e4nt\u00f6mme on kuvattu selitt\u00e4\u00e4ksemme sinulle, asiakkaallemme, kuinka viimeistelemme verkkosivustollamme tarjotun hakemuksen k\u00e4sittelyn. 1 &#8211; Esta-visa-us.eu on yksityinen, kolmannen osapuolen virasto, joka k\u00e4sittelee ESTA-hakemuksia, eik\u00e4 se ole mill\u00e4\u00e4n tavalla sidoksissa Yhdysvaltain hallitukseen. 2 &#8211; Palvelumme: ESTA-viisumivapaushakemukseen liittyvien tietojen sy\u00f6tt\u00e4minen ja k\u00e4sittely. Hakemuksen k\u00e4sittely ja tilap\u00e4ivitys samana p\u00e4iv\u00e4n\u00e4. Katkarapuluvan vahvistus s\u00e4hk\u00f6postitse. Hakemuksen ja tilatarkastuksen tietojen p\u00e4ivitys [&hellip;]","og_url":"https:\/\/www.esta-visa-us.eu\/fi\/toimitusk\u00e4yt\u00e4nt\u00f6\/","og_site_name":"ESTA Visum USA - Officiel Esta Visum til USA Online | U.S. Gr\u00e6nsekontrol","article_modified_time":"2022-02-18T09:55:49+00:00","twitter_card":"summary_large_image","twitter_misc":{"Arvioitu lukuaika":"2 minuuttia"},"schema":{"@context":"https:\/\/schema.org","@graph":[{"@type":"WebSite","@id":"https:\/\/www.esta-visa-us.eu\/#website","url":"https:\/\/www.esta-visa-us.eu\/","name":"ESTA Visum USA - Officiel Esta Visum til USA Online | U.S. Gr\u00e6nsekontrol","description":"Det elektroniske rejsetilladelsessystem","potentialAction":[{"@type":"SearchAction","target":{"@type":"EntryPoint","urlTemplate":"https:\/\/www.esta-visa-us.eu\/?s={search_term_string}"},"query-input":"required name=search_term_string"}],"inLanguage":"fi"},{"@type":"WebPage","@id":"https:\/\/www.esta-visa-us.eu\/fi\/toimitusk%c3%a4yt%c3%a4nt%c3%b6\/#webpage","url":"https:\/\/www.esta-visa-us.eu\/fi\/toimitusk%c3%a4yt%c3%a4nt%c3%b6\/","name":"Toimitusk\u00e4yt\u00e4nt\u00f6 - ESTA Visum USA - Officiel Esta Visum til USA Online | U.S. Gr\u00e6nsekontrol","isPartOf":{"@id":"https:\/\/www.esta-visa-us.eu\/#website"},"datePublished":"2022-02-18T09:55:04+00:00","dateModified":"2022-02-18T09:55:49+00:00","breadcrumb":{"@id":"https:\/\/www.esta-visa-us.eu\/fi\/toimitusk%c3%a4yt%c3%a4nt%c3%b6\/#breadcrumb"},"inLanguage":"fi","potentialAction":[{"@type":"ReadAction","target":["https:\/\/www.esta-visa-us.eu\/fi\/toimitusk%c3%a4yt%c3%a4nt%c3%b6\/"]}]},{"@type":"BreadcrumbList","@id":"https:\/\/www.esta-visa-us.eu\/fi\/toimitusk%c3%a4yt%c3%a4nt%c3%b6\/#breadcrumb","itemListElement":[{"@type":"ListItem","position":1,"name":"Home","item":"https:\/\/www.esta-visa-us.eu\/fi\/"},{"@type":"ListItem","position":2,"name":"Toimitusk\u00e4yt\u00e4nt\u00f6"}]}]}},"_links":{"self":[{"href":"https:\/\/www.esta-visa-us.eu\/fi\/wp-json\/wp\/v2\/pages\/1098"}],"collection":[{"href":"https:\/\/www.esta-visa-us.eu\/fi\/wp-json\/wp\/v2\/pages"}],"about":[{"href":"https:\/\/www.esta-visa-us.eu\/fi\/wp-json\/wp\/v2\/types\/page"}],"author":[{"embeddable":true,"href":"https:\/\/www.esta-visa-us.eu\/fi\/wp-json\/wp\/v2\/users\/1"}],"replies":[{"embeddable":true,"href":"https:\/\/www.esta-visa-us.eu\/fi\/wp-json\/wp\/v2\/comments?post=1098"}],"version-history":[{"count":2,"href":"https:\/\/www.esta-visa-us.eu\/fi\/wp-json\/wp\/v2\/pages\/1098\/revisions"}],"predecessor-version":[{"id":1100,"href":"https:\/\/www.esta-visa-us.eu\/fi\/wp-json\/wp\/v2\/pages\/1098\/revisions\/1100"}],"wp:attachment":[{"href":"https:\/\/www.esta-visa-us.eu\/fi\/wp-json\/wp\/v2\/media?parent=1098"}],"curies":[{"name":"wp","href":"https:\/\/api.w.org\/{rel}","templated":true}]}}